{"id":348,"date":"2022-09-01T16:30:04","date_gmt":"2022-09-01T14:30:04","guid":{"rendered":"https:\/\/mesojectgun.toskani.com\/?page_id=348"},"modified":"2022-09-01T16:31:07","modified_gmt":"2022-09-01T14:31:07","slug":"avvertimento-legale","status":"publish","type":"page","link":"https:\/\/mesojectgun.toskani.com\/it\/avvertimento-legale\/","title":{"rendered":"Avvertimento legale"},"content":{"rendered":"\n<p>In ottemperanza alla Legge Organica LOPD-GDD 3\/2018, nonch\u00e9 al Regolamento (UE) 2016\/679 del 27 aprile 2016 (RGPD), nonch\u00e9 alla Legge 34\/2002, dell&#8217;11 luglio, sui Servizi della Societ\u00e0 dell&#8217;Informazione e Commercio elettronico (LSSICE o LSSI) informa che questo sito Web \u00e8 di responsabilit\u00e0 della societ\u00e0 TOSKANI, S.L., con CIF: B-58496324, registrata nel Registro Mercantile di Barcellona, \u200b\u200b\u200b\u200bnel volume 9216, Folio 78 Book; 2425.72a, Foglio Numero 111013, 1a Iscrizione. Lo scopo di questo file \u00e8 gestire il servizio richiesto.<\/p>\n\n\n\n<p>Allo stesso modo, La informiamo che i Suoi dati personali eventualmente raccolti in questa comunicazione saranno trattati con la finalit\u00e0 di gestire e fruire dei servizi richiesti, e secondo le linee guida della nostra privacy policy, che potr\u00e0 consultare nella sezione &#8220;Privacy Politica&#8221; del nostro web.<\/p>\n\n\n\n<p>Per utilizzare la Pagina \u00e8 richiesta l&#8217;espressa accettazione da parte dell&#8217;utente di ciascuna delle clausole indicate nel presente Avviso Legale, nonch\u00e9 di ciascuna delle specifiche avvertenze o clausole previste per la contrattazione di determinati servizi, acquisti o utilizzo di aree della Pagina.<\/p>\n\n\n\n<p>In caso di mancata accettazione delle clausole stabilite nella presente Nota Legale, l&#8217;utente dovr\u00e0 astenersi dall&#8217;accedere e\/o utilizzare i servizi e\/o i contenuti messi a disposizione sulla Pagina, procedendo ad abbandonarla.<\/p>\n\n\n\n<p><strong>USO DELLA PAGINA<\/strong><\/p>\n\n\n\n<p>L&#8217;utente si impegna a non utilizzare la Pagina per svolgere attivit\u00e0 contrarie alla legge, al buon costume, all&#8217;ordine pubblico e, in generale, a farne uso secondo le condizioni stabilite nella presente Nota Legale. Allo stesso modo, \u00e8 obbligato a non svolgere attivit\u00e0 pubblicitarie o di sfruttamento commerciale mediante l&#8217;invio di messaggi che utilizzino una falsa identit\u00e0.<\/p>\n\n\n\n<p>TOSKANI, SL agisce esclusivamente come responsabile della Pagina nella sua qualit\u00e0 di fornitore di un servizio informativo sui propri servizi e vendita di articoli, non essendo responsabile dei contenuti che, in violazione delle presenti condizioni generali.<\/p>\n\n\n\n<p>TOSKANI, SL pu\u00f2 interrompere il servizio della Pagina che viene utilizzata dall&#8217;utente e risolvere immediatamente il rapporto con essa se rileva un utilizzo della Pagina o di uno qualsiasi dei servizi in essa offerti che pu\u00f2 considerare contrario a quanto espresso in questa Nota Legale<\/p>\n\n\n\n<p><strong>PROPRIETA&#8217; INTELLETTUALE E INDUSTRIALE<\/strong><\/p>\n\n\n\n<p>La totalit\u00e0 di questa Pagina: testo, design del prodotto, immagini, marchi, grafica, loghi, pulsanti, file software, combinazioni di colori, nonch\u00e9 la struttura, la selezione, l&#8217;organizzazione e la presentazione dei suoi contenuti e dei suoi prodotti, \u00e8 protetta. leggi sulla Propriet\u00e0 Intellettuale e Industriale, essendone vietata la riproduzione, distribuzione, comunicazione pubblica e trasformazione, se non per uso personale e privato.<\/p>\n\n\n\n<p>La Societ\u00e0 non garantisce che i contenuti siano accurati o privi di errori o che il libero utilizzo degli stessi da parte dell&#8217;utente non violi diritti di terzi. L&#8217;uso buono o cattivo di questa pagina e dei suoi contenuti \u00e8 sotto la responsabilit\u00e0 dell&#8217;utente.<\/p>\n\n\n\n<p>Parimenti, \u00e8 vietata la riproduzione totale o parziale, la ritrasmissione, la copia, il trasferimento o la ridistribuzione delle informazioni contenute nella Pagina, qualunque sia il suo scopo e il mezzo utilizzato, senza la nostra preventiva autorizzazione.<\/p>\n\n\n\n<p><strong>LINK O LINK<\/strong><\/p>\n\n\n\n<p>La Pagina pu\u00f2 includere collegamenti o collegamenti a siti di terzi. Le pagine appartenenti a terzi non sono state da noi riviste o controllate. In ogni caso, non possiamo essere ritenuti responsabili del contenuto di questi siti web o delle misure adottate in merito alla tua privacy o al trattamento dei tuoi dati personali. Raccomandiamo un&#8217;attenta lettura delle condizioni d&#8217;uso e della privacy policy di questi siti.<\/p>\n\n\n\n<p>Se sei interessato ad attivare un link alla nostra pagina, devi comunicarlo, ottenendo il consenso espresso alla creazione del link. TOSKANI, SL si riserva il diritto di opporsi all&#8217;attivazione di link al proprio sito web.<\/p>\n\n\n\n<p><strong>RESPONSABILITA<\/strong>&#8216;<\/p>\n\n\n\n<p>La Societ\u00e0 non sar\u00e0 direttamente o sussidiariamente responsabile per:<\/p>\n\n\n\n<p>La velocit\u00e0 di accesso, il corretto funzionamento o la disponibilit\u00e0 o continuit\u00e0 di funzionamento della Pagina.<\/p>\n\n\n\n<p>Il danno che pu\u00f2 essere causato all&#8217;attrezzatura dell&#8217;utente dall&#8217;uso della Pagina.<\/p>\n\n\n\n<p>I casi in cui una terza parte, violando le misure di sicurezza stabilite, acceda ai messaggi o li utilizzi per inviare virus informatici.<\/p>\n\n\n\n<p>La liceit\u00e0, l&#8217;affidabilit\u00e0 e l&#8217;utilit\u00e0 dei contenuti che gli utenti trasmettono con l&#8217;uso della pagina o dei servizi in essa offerti, nonch\u00e9 la loro veridicit\u00e0 o accuratezza. La Societ\u00e0 non controlla l&#8217;uso che gli utenti fanno della Pagina, n\u00e9 garantisce che lo facciano in conformit\u00e0 con le disposizioni della presente Nota Legale.<\/p>\n","protected":false},"excerpt":{"rendered":"<p>In ottemperanza alla Legge Organica LOPD-GDD 3\/2018, nonch\u00e9 al Regolamento (UE) 2016\/679 del 27 aprile 2016 (RGPD), nonch\u00e9 alla Legge 34\/2002, dell&#8217;11 luglio, sui Servizi della Societ\u00e0 dell&#8217;Informazione e Commercio elettronico (LSSICE o LSSI) informa che questo sito Web \u00e8 di responsabilit\u00e0 della societ\u00e0 TOSKANI, S.L., con CIF: B-58496324, registrata nel Registro Mercantile di Barcellona, [&hellip;]<\/p>\n","protected":false},"author":2,"featured_media":0,"parent":0,"menu_order":0,"comment_status":"closed","ping_status":"closed","template":"","meta":{"footnotes":""},"class_list":["post-348","page","type-page","status-publish","hentry"],"_links":{"self":[{"href":"https:\/\/mesojectgun.toskani.com\/it\/wp-json\/wp\/v2\/pages\/348","targetHints":{"allow":["GET"]}}],"collection":[{"href":"https:\/\/mesojectgun.toskani.com\/it\/wp-json\/wp\/v2\/pages"}],"about":[{"href":"https:\/\/mesojectgun.toskani.com\/it\/wp-json\/wp\/v2\/types\/page"}],"author":[{"embeddable":true,"href":"https:\/\/mesojectgun.toskani.com\/it\/wp-json\/wp\/v2\/users\/2"}],"replies":[{"embeddable":true,"href":"https:\/\/mesojectgun.toskani.com\/it\/wp-json\/wp\/v2\/comments?post=348"}],"version-history":[{"count":2,"href":"https:\/\/mesojectgun.toskani.com\/it\/wp-json\/wp\/v2\/pages\/348\/revisions"}],"predecessor-version":[{"id":351,"href":"https:\/\/mesojectgun.toskani.com\/it\/wp-json\/wp\/v2\/pages\/348\/revisions\/351"}],"wp:attachment":[{"href":"https:\/\/mesojectgun.toskani.com\/it\/wp-json\/wp\/v2\/media?parent=348"}],"curies":[{"name":"wp","href":"https:\/\/api.w.org\/{rel}","templated":true}]}}